{"id":57,"date":"2022-08-31T12:16:06","date_gmt":"2022-08-31T11:16:06","guid":{"rendered":"http:\/\/www.schneps-transport.at\/?page_id=57"},"modified":"2022-09-06T10:49:06","modified_gmt":"2022-09-06T09:49:06","slug":"hallen","status":"publish","type":"page","link":"http:\/\/www.schneps-transport.at\/index.php\/hallen\/","title":{"rendered":"Hallen"},"content":{"rendered":"\t\t<div data-elementor-type=\"wp-page\" data-elementor-id=\"57\" class=\"elementor elementor-57\">\n\t\t\t\t\t\t<section class=\"elementor-section elementor-top-section elementor-element elementor-element-3a52a18 elementor-section-boxed elementor-section-height-default elementor-section-height-default\" data-id=\"3a52a18\" data-element_type=\"section\" data-e-type=\"section\">\n\t\t\t\t\t\t<div class=\"elementor-container elementor-column-gap-default\">\n\t\t\t\t\t<div class=\"elementor-column elementor-col-50 elementor-top-column elementor-element elementor-element-4f5a505\" data-id=\"4f5a505\" data-element_type=\"column\" data-e-type=\"column\">\n\t\t\t<div class=\"elementor-widget-wrap elementor-element-populated\">\n\t\t\t\t\t\t<div class=\"elementor-element elementor-element-e72a1c3 elementor-widget elementor-widget-text-editor\" data-id=\"e72a1c3\" data-element_type=\"widget\" data-e-type=\"widget\" data-widget_type=\"text-editor.default\">\n\t\t\t\t<div class=\"elementor-widget-container\">\n\t\t\t\t\t\t\t\t\t<p><b>Halle &#8211; Windparkstra\u00dfe<\/b><\/p>\n<p>Lagerhalle in Stockerau zu mieten. Sehr gute Verkehrsanbindung.<\/p>\n<p>(5 Minuten von Autobahnabfahrt Stockerau Nord entfernt)<\/p>\n<p>Isolierte Kalt-Halle, Gr\u00f6\u00dfe ca. 1.670 m\u00b2 (83,5 x 20)<br>Einfahrtsh\u00f6he: 4,80 m \u2013 4 elektrische Tore<br>Hallenh\u00f6he innen: ca. 6 m<\/p>\n<p><br><\/p>\n<p><i><b>Zus\u00e4tzliche befestigte Freifl\u00e4chen!<\/b><\/i><\/p>\t\t\t\t\t\t\t\t<\/div>\n\t\t\t\t<\/div>\n\t\t\t\t\t<\/div>\n\t\t<\/div>\n\t\t\t\t<div class=\"elementor-column elementor-col-50 elementor-top-column elementor-element elementor-element-f4f17d0\" data-id=\"f4f17d0\" data-element_type=\"column\" data-e-type=\"column\">\n\t\t\t<div class=\"elementor-widget-wrap elementor-element-populated\">\n\t\t\t\t\t\t<div class=\"elementor-element elementor-element-f8c3441 elementor-widget elementor-widget-image\" data-id=\"f8c3441\" data-element_type=\"widget\" data-e-type=\"widget\" data-widget_type=\"image.default\">\n\t\t\t\t<div class=\"elementor-widget-container\">\n\t\t\t\t\t\t\t\t\t\t\t\t\t\t\t\t<a href=\"http:\/\/www.schneps-transport.at\/wp-content\/uploads\/2022\/09\/lagerhalle-windparkstrasse.jpg\" data-elementor-open-lightbox=\"yes\" data-elementor-lightbox-title=\"lagerhalle windparkstra\u00dfe\" data-e-action-hash=\"#elementor-action%3Aaction%3Dlightbox%26settings%3DeyJpZCI6MzQ1LCJ1cmwiOiJodHRwOlwvXC93d3cuc2NobmVwcy10cmFuc3BvcnQuYXRcL3dwLWNvbnRlbnRcL3VwbG9hZHNcLzIwMjJcLzA5XC9sYWdlcmhhbGxlLXdpbmRwYXJrc3RyYXNzZS5qcGcifQ%3D%3D\">\n\t\t\t\t\t\t\t<img fetchpriority=\"high\" decoding=\"async\" width=\"640\" height=\"432\" src=\"http:\/\/www.schneps-transport.at\/wp-content\/uploads\/2022\/09\/lagerhalle-windparkstrasse.jpg\" class=\"attachment-large size-large wp-image-345\" alt=\"\" srcset=\"http:\/\/www.schneps-transport.at\/wp-content\/uploads\/2022\/09\/lagerhalle-windparkstrasse.jpg 650w, http:\/\/www.schneps-transport.at\/wp-content\/uploads\/2022\/09\/lagerhalle-windparkstrasse-300x203.jpg 300w\" sizes=\"(max-width: 640px) 100vw, 640px\" \/>\t\t\t\t\t\t\t\t<\/a>\n\t\t\t\t\t\t\t\t\t\t\t\t\t\t\t<\/div>\n\t\t\t\t<\/div>\n\t\t\t\t\t<\/div>\n\t\t<\/div>\n\t\t\t\t\t<\/div>\n\t\t<\/section>\n\t\t\t\t<section class=\"elementor-section elementor-top-section elementor-element elementor-element-c19003b elementor-section-boxed elementor-section-height-default elementor-section-height-default\" data-id=\"c19003b\" data-element_type=\"section\" data-e-type=\"section\">\n\t\t\t\t\t\t<div class=\"elementor-container elementor-column-gap-default\">\n\t\t\t\t\t<div class=\"elementor-column elementor-col-100 elementor-top-column elementor-element elementor-element-d027e66\" data-id=\"d027e66\" data-element_type=\"column\" data-e-type=\"column\">\n\t\t\t<div class=\"elementor-widget-wrap elementor-element-populated\">\n\t\t\t\t\t\t<div class=\"elementor-element elementor-element-8d47996 elementor-widget-divider--view-line elementor-widget elementor-widget-divider\" data-id=\"8d47996\" data-element_type=\"widget\" data-e-type=\"widget\" data-widget_type=\"divider.default\">\n\t\t\t\t<div class=\"elementor-widget-container\">\n\t\t\t\t\t\t\t<div class=\"elementor-divider\">\n\t\t\t<span class=\"elementor-divider-separator\">\n\t\t\t\t\t\t<\/span>\n\t\t<\/div>\n\t\t\t\t\t\t<\/div>\n\t\t\t\t<\/div>\n\t\t\t\t\t<\/div>\n\t\t<\/div>\n\t\t\t\t\t<\/div>\n\t\t<\/section>\n\t\t\t\t<section class=\"elementor-section elementor-top-section elementor-element elementor-element-b0d01a1 elementor-section-boxed elementor-section-height-default elementor-section-height-default\" data-id=\"b0d01a1\" data-element_type=\"section\" data-e-type=\"section\">\n\t\t\t\t\t\t<div class=\"elementor-container elementor-column-gap-default\">\n\t\t\t\t\t<div class=\"elementor-column elementor-col-50 elementor-top-column elementor-element elementor-element-6b93fe0\" data-id=\"6b93fe0\" data-element_type=\"column\" data-e-type=\"column\">\n\t\t\t<div class=\"elementor-widget-wrap elementor-element-populated\">\n\t\t\t\t\t\t<div class=\"elementor-element elementor-element-98fd2f3 elementor-widget elementor-widget-text-editor\" data-id=\"98fd2f3\" data-element_type=\"widget\" data-e-type=\"widget\" data-widget_type=\"text-editor.default\">\n\t\t\t\t<div class=\"elementor-widget-container\">\n\t\t\t\t\t\t\t\t\t<p><b>Halle &#8211; Windparkstra\u00dfe 8<\/b><\/p>\n<p>Lager- und Sortierhalle in Stockerau zu mieten. Sehr gute Verkehrsanbindung.<\/p><p>(5 Minuten von Autobahnabfahrt Stockerau Nord entfernt)<\/p>\n<p>Isolierte Kalt-Halle, Gr\u00f6\u00dfe ca. 837 m\u00b2 (54 x 15,50)<br>Einfahrtsh\u00f6he: 4,50 m \u2013 3 elektrische Tore<br>Hallenh\u00f6he innen: ca. 6 m<\/p>\n<p>zus\u00e4tzliche Fl\u00e4chen mit Vordach\/Boxen ca. 1.500 m\u00b2<br>Vordach-H\u00f6he ca. 5,70 m<\/p>\n<p>Grundst\u00fccksgr\u00f6\u00dfe: 13.961 m\u00b2 (betoniert\/asphaltiert)<\/p>\t\t\t\t\t\t\t\t<\/div>\n\t\t\t\t<\/div>\n\t\t\t\t\t<\/div>\n\t\t<\/div>\n\t\t\t\t<div class=\"elementor-column elementor-col-50 elementor-top-column elementor-element elementor-element-4a2b685\" data-id=\"4a2b685\" data-element_type=\"column\" data-e-type=\"column\">\n\t\t\t<div class=\"elementor-widget-wrap elementor-element-populated\">\n\t\t\t\t\t\t<div class=\"elementor-element elementor-element-f5ab684 elementor-widget elementor-widget-image\" data-id=\"f5ab684\" data-element_type=\"widget\" data-e-type=\"widget\" data-widget_type=\"image.default\">\n\t\t\t\t<div class=\"elementor-widget-container\">\n\t\t\t\t\t\t\t\t\t\t\t\t\t\t\t\t<a href=\"http:\/\/www.schneps-transport.at\/wp-content\/uploads\/2022\/09\/sortierhallen.jpg\" data-elementor-open-lightbox=\"yes\" data-elementor-lightbox-title=\"sortierhallen\" data-e-action-hash=\"#elementor-action%3Aaction%3Dlightbox%26settings%3DeyJpZCI6MzUwLCJ1cmwiOiJodHRwOlwvXC93d3cuc2NobmVwcy10cmFuc3BvcnQuYXRcL3dwLWNvbnRlbnRcL3VwbG9hZHNcLzIwMjJcLzA5XC9zb3J0aWVyaGFsbGVuLmpwZyJ9\">\n\t\t\t\t\t\t\t<img decoding=\"async\" width=\"300\" height=\"254\" src=\"http:\/\/www.schneps-transport.at\/wp-content\/uploads\/2022\/09\/sortierhallen-300x254.jpg\" class=\"attachment-medium size-medium wp-image-350\" alt=\"\" srcset=\"http:\/\/www.schneps-transport.at\/wp-content\/uploads\/2022\/09\/sortierhallen-300x254.jpg 300w, http:\/\/www.schneps-transport.at\/wp-content\/uploads\/2022\/09\/sortierhallen.jpg 650w\" sizes=\"(max-width: 300px) 100vw, 300px\" \/>\t\t\t\t\t\t\t\t<\/a>\n\t\t\t\t\t\t\t\t\t\t\t\t\t\t\t<\/div>\n\t\t\t\t<\/div>\n\t\t\t\t<div class=\"elementor-element elementor-element-685dba7 elementor-widget elementor-widget-image\" data-id=\"685dba7\" data-element_type=\"widget\" data-e-type=\"widget\" data-widget_type=\"image.default\">\n\t\t\t\t<div class=\"elementor-widget-container\">\n\t\t\t\t\t\t\t\t\t\t\t\t\t\t\t\t<a href=\"http:\/\/www.schneps-transport.at\/wp-content\/uploads\/2022\/09\/sortierhallen2.jpg\" data-elementor-open-lightbox=\"yes\" data-elementor-lightbox-title=\"sortierhallen2\" data-e-action-hash=\"#elementor-action%3Aaction%3Dlightbox%26settings%3DeyJpZCI6MzUxLCJ1cmwiOiJodHRwOlwvXC93d3cuc2NobmVwcy10cmFuc3BvcnQuYXRcL3dwLWNvbnRlbnRcL3VwbG9hZHNcLzIwMjJcLzA5XC9zb3J0aWVyaGFsbGVuMi5qcGcifQ%3D%3D\">\n\t\t\t\t\t\t\t<img decoding=\"async\" width=\"300\" height=\"254\" src=\"http:\/\/www.schneps-transport.at\/wp-content\/uploads\/2022\/09\/sortierhallen2-300x254.jpg\" class=\"attachment-medium size-medium wp-image-351\" alt=\"\" srcset=\"http:\/\/www.schneps-transport.at\/wp-content\/uploads\/2022\/09\/sortierhallen2-300x254.jpg 300w, http:\/\/www.schneps-transport.at\/wp-content\/uploads\/2022\/09\/sortierhallen2.jpg 650w\" sizes=\"(max-width: 300px) 100vw, 300px\" \/>\t\t\t\t\t\t\t\t<\/a>\n\t\t\t\t\t\t\t\t\t\t\t\t\t\t\t<\/div>\n\t\t\t\t<\/div>\n\t\t\t\t\t<\/div>\n\t\t<\/div>\n\t\t\t\t\t<\/div>\n\t\t<\/section>\n\t\t\t\t<section class=\"elementor-section elementor-top-section elementor-element elementor-element-fec5bd3 elementor-section-boxed elementor-section-height-default elementor-section-height-default\" data-id=\"fec5bd3\" data-element_type=\"section\" data-e-type=\"section\">\n\t\t\t\t\t\t<div class=\"elementor-container elementor-column-gap-default\">\n\t\t\t\t\t<div class=\"elementor-column elementor-col-100 elementor-top-column elementor-element elementor-element-c31ca08\" data-id=\"c31ca08\" data-element_type=\"column\" data-e-type=\"column\">\n\t\t\t<div class=\"elementor-widget-wrap elementor-element-populated\">\n\t\t\t\t\t\t<div class=\"elementor-element elementor-element-23070cf elementor-widget-divider--view-line elementor-widget elementor-widget-divider\" data-id=\"23070cf\" data-element_type=\"widget\" data-e-type=\"widget\" data-widget_type=\"divider.default\">\n\t\t\t\t<div class=\"elementor-widget-container\">\n\t\t\t\t\t\t\t<div class=\"elementor-divider\">\n\t\t\t<span class=\"elementor-divider-separator\">\n\t\t\t\t\t\t<\/span>\n\t\t<\/div>\n\t\t\t\t\t\t<\/div>\n\t\t\t\t<\/div>\n\t\t\t\t\t<\/div>\n\t\t<\/div>\n\t\t\t\t\t<\/div>\n\t\t<\/section>\n\t\t\t\t<section class=\"elementor-section elementor-top-section elementor-element elementor-element-6d64cfc elementor-section-boxed elementor-section-height-default elementor-section-height-default\" data-id=\"6d64cfc\" data-element_type=\"section\" data-e-type=\"section\">\n\t\t\t\t\t\t<div class=\"elementor-container elementor-column-gap-default\">\n\t\t\t\t\t<div class=\"elementor-column elementor-col-50 elementor-top-column elementor-element elementor-element-c88e1ac\" data-id=\"c88e1ac\" data-element_type=\"column\" data-e-type=\"column\">\n\t\t\t<div class=\"elementor-widget-wrap elementor-element-populated\">\n\t\t\t\t\t\t<div class=\"elementor-element elementor-element-c1e246d elementor-widget elementor-widget-text-editor\" data-id=\"c1e246d\" data-element_type=\"widget\" data-e-type=\"widget\" data-widget_type=\"text-editor.default\">\n\t\t\t\t<div class=\"elementor-widget-container\">\n\t\t\t\t\t\t\t\t\t<p><b>Halle &#8211; Windparkstra\u00dfe 10<\/b><\/p>\n<p>Lagerhalle in Stockerau zu mieten. Sehr gute Verkehrsanbindung.<\/p>\n<p>(5 Minuten von Autobahnabfahrt Stockerau Nord entfernt) <\/p>\n<p>Isolierte Kalt-Halle, Gr\u00f6\u00dfe ca. 700m\u00b2 (35 x 20)<\/p>\n<p>Einfahrtsh\u00f6he: 4,80 m \u2013 3 Tore<\/p>\n<p>Hallenh\u00f6he innen: ca. 5,60 m<\/p><p><br><\/p>\n<p><\/p>\n<p><b><i>Zus\u00e4tzliche befestigte Freifl\u00e4chen!<\/i><\/b><\/p>\t\t\t\t\t\t\t\t<\/div>\n\t\t\t\t<\/div>\n\t\t\t\t\t<\/div>\n\t\t<\/div>\n\t\t\t\t<div class=\"elementor-column elementor-col-50 elementor-top-column elementor-element elementor-element-4fce6e8\" data-id=\"4fce6e8\" data-element_type=\"column\" data-e-type=\"column\">\n\t\t\t<div class=\"elementor-widget-wrap elementor-element-populated\">\n\t\t\t\t\t\t<div class=\"elementor-element elementor-element-01f7240 elementor-widget elementor-widget-image\" data-id=\"01f7240\" data-element_type=\"widget\" data-e-type=\"widget\" data-widget_type=\"image.default\">\n\t\t\t\t<div class=\"elementor-widget-container\">\n\t\t\t\t\t\t\t\t\t\t\t\t\t\t\t\t<a href=\"http:\/\/www.schneps-transport.at\/wp-content\/uploads\/2022\/09\/windparkstrasse-10.jpg\" data-elementor-open-lightbox=\"yes\" data-elementor-lightbox-title=\"windparkstrasse 10\" data-e-action-hash=\"#elementor-action%3Aaction%3Dlightbox%26settings%3DeyJpZCI6MzU1LCJ1cmwiOiJodHRwOlwvXC93d3cuc2NobmVwcy10cmFuc3BvcnQuYXRcL3dwLWNvbnRlbnRcL3VwbG9hZHNcLzIwMjJcLzA5XC93aW5kcGFya3N0cmFzc2UtMTAuanBnIn0%3D\">\n\t\t\t\t\t\t\t<img loading=\"lazy\" decoding=\"async\" width=\"640\" height=\"474\" src=\"http:\/\/www.schneps-transport.at\/wp-content\/uploads\/2022\/09\/windparkstrasse-10.jpg\" class=\"attachment-large size-large wp-image-355\" alt=\"\" srcset=\"http:\/\/www.schneps-transport.at\/wp-content\/uploads\/2022\/09\/windparkstrasse-10.jpg 650w, http:\/\/www.schneps-transport.at\/wp-content\/uploads\/2022\/09\/windparkstrasse-10-300x222.jpg 300w\" sizes=\"(max-width: 640px) 100vw, 640px\" \/>\t\t\t\t\t\t\t\t<\/a>\n\t\t\t\t\t\t\t\t\t\t\t\t\t\t\t<\/div>\n\t\t\t\t<\/div>\n\t\t\t\t\t<\/div>\n\t\t<\/div>\n\t\t\t\t\t<\/div>\n\t\t<\/section>\n\t\t\t\t<section class=\"elementor-section elementor-top-section elementor-element elementor-element-c85b95f elementor-section-boxed elementor-section-height-default elementor-section-height-default\" data-id=\"c85b95f\" data-element_type=\"section\" data-e-type=\"section\">\n\t\t\t\t\t\t<div class=\"elementor-container elementor-column-gap-default\">\n\t\t\t\t\t<div class=\"elementor-column elementor-col-100 elementor-top-column elementor-element elementor-element-9708254\" data-id=\"9708254\" data-element_type=\"column\" data-e-type=\"column\">\n\t\t\t<div class=\"elementor-widget-wrap elementor-element-populated\">\n\t\t\t\t\t\t<div class=\"elementor-element elementor-element-560b1c4 elementor-widget-divider--view-line elementor-widget elementor-widget-divider\" data-id=\"560b1c4\" data-element_type=\"widget\" data-e-type=\"widget\" data-widget_type=\"divider.default\">\n\t\t\t\t<div class=\"elementor-widget-container\">\n\t\t\t\t\t\t\t<div class=\"elementor-divider\">\n\t\t\t<span class=\"elementor-divider-separator\">\n\t\t\t\t\t\t<\/span>\n\t\t<\/div>\n\t\t\t\t\t\t<\/div>\n\t\t\t\t<\/div>\n\t\t\t\t\t<\/div>\n\t\t<\/div>\n\t\t\t\t\t<\/div>\n\t\t<\/section>\n\t\t\t\t<section class=\"elementor-section elementor-top-section elementor-element elementor-element-f416fa3 elementor-section-boxed elementor-section-height-default elementor-section-height-default\" data-id=\"f416fa3\" data-element_type=\"section\" data-e-type=\"section\">\n\t\t\t\t\t\t<div class=\"elementor-container elementor-column-gap-default\">\n\t\t\t\t\t<div class=\"elementor-column elementor-col-50 elementor-top-column elementor-element elementor-element-c102d60\" data-id=\"c102d60\" data-element_type=\"column\" data-e-type=\"column\">\n\t\t\t<div class=\"elementor-widget-wrap elementor-element-populated\">\n\t\t\t\t\t\t<div class=\"elementor-element elementor-element-d001819 elementor-widget elementor-widget-text-editor\" data-id=\"d001819\" data-element_type=\"widget\" data-e-type=\"widget\" data-widget_type=\"text-editor.default\">\n\t\t\t\t<div class=\"elementor-widget-container\">\n\t\t\t\t\t\t\t\t\t<p><b>Halle &#8211; Zur Schleuse<\/b><\/p>\n<p>Lagerhalle in Stockerau zu mieten. Sehr gute Verkehrsanbindung.<\/p>\n<p>(3 Minuten von Autobahnabfahrt Stockerau Nord entfernt) <\/p>\n<p>Gr\u00f6\u00dfe: ca. 2.400 m\u00b2 (80 x 30)<\/p>\n<p>Einfahrtsh\u00f6he: 4,80 m <\/p>\n<div>\n<p>Hallenh\u00f6he innen: ca. 5 m <\/p>\n<\/div>\n<div>&nbsp;<\/div>\n<div>&nbsp;<\/div>\n<div><i><b>Zus\u00e4tzliche befesti<\/b><b>gte Freifl\u00e4chen in unmittelbarer N\u00e4he!<\/b><\/i><\/div>\t\t\t\t\t\t\t\t<\/div>\n\t\t\t\t<\/div>\n\t\t\t\t\t<\/div>\n\t\t<\/div>\n\t\t\t\t<div class=\"elementor-column elementor-col-50 elementor-top-column elementor-element elementor-element-6f3b378\" data-id=\"6f3b378\" data-element_type=\"column\" data-e-type=\"column\">\n\t\t\t<div class=\"elementor-widget-wrap elementor-element-populated\">\n\t\t\t\t\t\t<div class=\"elementor-element elementor-element-2007a06 elementor-widget elementor-widget-image\" data-id=\"2007a06\" data-element_type=\"widget\" data-e-type=\"widget\" data-widget_type=\"image.default\">\n\t\t\t\t<div class=\"elementor-widget-container\">\n\t\t\t\t\t\t\t\t\t\t\t\t\t\t\t\t<a href=\"http:\/\/www.schneps-transport.at\/wp-content\/uploads\/2022\/09\/zur-schleuse.jpg\" data-elementor-open-lightbox=\"yes\" data-elementor-lightbox-title=\"zur schleuse\" data-e-action-hash=\"#elementor-action%3Aaction%3Dlightbox%26settings%3DeyJpZCI6MzU5LCJ1cmwiOiJodHRwOlwvXC93d3cuc2NobmVwcy10cmFuc3BvcnQuYXRcL3dwLWNvbnRlbnRcL3VwbG9hZHNcLzIwMjJcLzA5XC96dXItc2NobGV1c2UuanBnIn0%3D\">\n\t\t\t\t\t\t\t<img loading=\"lazy\" decoding=\"async\" width=\"640\" height=\"542\" src=\"http:\/\/www.schneps-transport.at\/wp-content\/uploads\/2022\/09\/zur-schleuse.jpg\" class=\"attachment-large size-large wp-image-359\" alt=\"\" srcset=\"http:\/\/www.schneps-transport.at\/wp-content\/uploads\/2022\/09\/zur-schleuse.jpg 650w, http:\/\/www.schneps-transport.at\/wp-content\/uploads\/2022\/09\/zur-schleuse-300x254.jpg 300w\" sizes=\"(max-width: 640px) 100vw, 640px\" \/>\t\t\t\t\t\t\t\t<\/a>\n\t\t\t\t\t\t\t\t\t\t\t\t\t\t\t<\/div>\n\t\t\t\t<\/div>\n\t\t\t\t\t<\/div>\n\t\t<\/div>\n\t\t\t\t\t<\/div>\n\t\t<\/section>\n\t\t\t\t<section class=\"elementor-section elementor-top-section elementor-element elementor-element-75c956b elementor-section-boxed elementor-section-height-default elementor-section-height-default\" data-id=\"75c956b\" data-element_type=\"section\" data-e-type=\"section\">\n\t\t\t\t\t\t<div class=\"elementor-container elementor-column-gap-default\">\n\t\t\t\t\t<div class=\"elementor-column elementor-col-100 elementor-top-column elementor-element elementor-element-f1d09d2\" data-id=\"f1d09d2\" data-element_type=\"column\" data-e-type=\"column\">\n\t\t\t<div class=\"elementor-widget-wrap elementor-element-populated\">\n\t\t\t\t\t\t<div class=\"elementor-element elementor-element-c811c70 elementor-widget elementor-widget-spacer\" data-id=\"c811c70\" data-element_type=\"widget\" data-e-type=\"widget\" data-widget_type=\"spacer.default\">\n\t\t\t\t<div class=\"elementor-widget-container\">\n\t\t\t\t\t\t\t<div class=\"elementor-spacer\">\n\t\t\t<div class=\"elementor-spacer-inner\"><\/div>\n\t\t<\/div>\n\t\t\t\t\t\t<\/div>\n\t\t\t\t<\/div>\n\t\t\t\t\t<\/div>\n\t\t<\/div>\n\t\t\t\t\t<\/div>\n\t\t<\/section>\n\t\t\t\t<\/div>\n\t\t","protected":false},"excerpt":{"rendered":"<p>Halle &#8211; Windparkstra\u00dfe Lagerhalle in Stockerau zu mieten. Sehr gute Verkehrsanbindung. (5 Minuten von Autobahnabfahrt Stockerau Nord entfernt) Isolierte Kalt-Halle, Gr\u00f6\u00dfe ca. 1.670 m\u00b2 (83,5 x 20)Einfahrtsh\u00f6he: 4,80 m \u2013 4 elektrische ToreHallenh\u00f6he innen: ca. 6 m Zus\u00e4tzliche befestigte Freifl\u00e4chen! Halle &#8211; Windparkstra\u00dfe 8 Lager- und Sortierhalle in Stockerau zu mieten. Sehr gute Verkehrsanbindung. (5 [&hellip;]<\/p>\n","protected":false},"author":1,"featured_media":0,"parent":0,"menu_order":0,"comment_status":"closed","ping_status":"closed","template":"","meta":{"_themeisle_gutenberg_block_has_review":false,"footnotes":""},"class_list":["post-57","page","type-page","status-publish","hentry"],"_links":{"self":[{"href":"http:\/\/www.schneps-transport.at\/index.php\/wp-json\/wp\/v2\/pages\/57","targetHints":{"allow":["GET"]}}],"collection":[{"href":"http:\/\/www.schneps-transport.at\/index.php\/wp-json\/wp\/v2\/pages"}],"about":[{"href":"http:\/\/www.schneps-transport.at\/index.php\/wp-json\/wp\/v2\/types\/page"}],"author":[{"embeddable":true,"href":"http:\/\/www.schneps-transport.at\/index.php\/wp-json\/wp\/v2\/users\/1"}],"replies":[{"embeddable":true,"href":"http:\/\/www.schneps-transport.at\/index.php\/wp-json\/wp\/v2\/comments?post=57"}],"version-history":[{"count":34,"href":"http:\/\/www.schneps-transport.at\/index.php\/wp-json\/wp\/v2\/pages\/57\/revisions"}],"predecessor-version":[{"id":383,"href":"http:\/\/www.schneps-transport.at\/index.php\/wp-json\/wp\/v2\/pages\/57\/revisions\/383"}],"wp:attachment":[{"href":"http:\/\/www.schneps-transport.at\/index.php\/wp-json\/wp\/v2\/media?parent=57"}],"curies":[{"name":"wp","href":"https:\/\/api.w.org\/{rel}","templated":true}]}}