{"id":52,"date":"2022-08-31T12:15:40","date_gmt":"2022-08-31T11:15:40","guid":{"rendered":"http:\/\/www.schneps-transport.at\/?page_id=52"},"modified":"2022-09-23T14:05:12","modified_gmt":"2022-09-23T13:05:12","slug":"fuhrpark-2","status":"publish","type":"page","link":"http:\/\/www.schneps-transport.at\/index.php\/fuhrpark-2\/","title":{"rendered":"Fuhrpark"},"content":{"rendered":"\t\t<div data-elementor-type=\"wp-page\" data-elementor-id=\"52\" class=\"elementor elementor-52\">\n\t\t\t\t\t\t<section class=\"elementor-section elementor-top-section elementor-element elementor-element-93e86a9 elementor-section-boxed elementor-section-height-default elementor-section-height-default\" data-id=\"93e86a9\" data-element_type=\"section\" data-e-type=\"section\">\n\t\t\t\t\t\t<div class=\"elementor-container elementor-column-gap-default\">\n\t\t\t\t\t<div class=\"elementor-column elementor-col-100 elementor-top-column elementor-element elementor-element-56d07ab\" data-id=\"56d07ab\" data-element_type=\"column\" data-e-type=\"column\">\n\t\t\t<div class=\"elementor-widget-wrap elementor-element-populated\">\n\t\t\t\t\t\t<div class=\"elementor-element elementor-element-b0fd16f elementor-widget elementor-widget-text-editor\" data-id=\"b0fd16f\" data-element_type=\"widget\" data-e-type=\"widget\" data-widget_type=\"text-editor.default\">\n\t\t\t\t<div class=\"elementor-widget-container\">\n\t\t\t\t\t\t\t\t\t<h6>Unser gro\u00dfer vielf\u00e4ltiger Fuhrpark erm\u00f6glicht uns eine umfangreiche Einsatzm\u00f6glichkeit, die wir auf Ihre Bed\u00fcrfnisse abstimmen k\u00f6nnen.<\/h6>\t\t\t\t\t\t\t\t<\/div>\n\t\t\t\t<\/div>\n\t\t\t\t\t<\/div>\n\t\t<\/div>\n\t\t\t\t\t<\/div>\n\t\t<\/section>\n\t\t\t\t<section class=\"elementor-section elementor-top-section elementor-element elementor-element-15ec456 elementor-section-boxed elementor-section-height-default elementor-section-height-default\" data-id=\"15ec456\" data-element_type=\"section\" data-e-type=\"section\">\n\t\t\t\t\t\t<div class=\"elementor-container elementor-column-gap-default\">\n\t\t\t\t\t<div class=\"elementor-column elementor-col-100 elementor-top-column elementor-element elementor-element-199fd48\" data-id=\"199fd48\" data-element_type=\"column\" data-e-type=\"column\">\n\t\t\t<div class=\"elementor-widget-wrap elementor-element-populated\">\n\t\t\t\t\t\t<div class=\"elementor-element elementor-element-a749e6d elementor-widget elementor-widget-image\" data-id=\"a749e6d\" data-element_type=\"widget\" data-e-type=\"widget\" data-widget_type=\"image.default\">\n\t\t\t\t<div class=\"elementor-widget-container\">\n\t\t\t\t\t\t\t\t\t\t\t\t\t\t\t<img fetchpriority=\"high\" decoding=\"async\" width=\"640\" height=\"781\" src=\"http:\/\/www.schneps-transport.at\/wp-content\/uploads\/2022\/08\/fuhrpark.png\" class=\"attachment-large size-large wp-image-111\" alt=\"\" srcset=\"http:\/\/www.schneps-transport.at\/wp-content\/uploads\/2022\/08\/fuhrpark.png 650w, http:\/\/www.schneps-transport.at\/wp-content\/uploads\/2022\/08\/fuhrpark-246x300.png 246w\" sizes=\"(max-width: 640px) 100vw, 640px\" \/>\t\t\t\t\t\t\t\t\t\t\t\t\t\t\t<\/div>\n\t\t\t\t<\/div>\n\t\t\t\t\t<\/div>\n\t\t<\/div>\n\t\t\t\t\t<\/div>\n\t\t<\/section>\n\t\t\t\t<\/div>\n\t\t","protected":false},"excerpt":{"rendered":"<p>Unser gro\u00dfer vielf\u00e4ltiger Fuhrpark erm\u00f6glicht uns eine umfangreiche Einsatzm\u00f6glichkeit, die wir auf Ihre Bed\u00fcrfnisse abstimmen k\u00f6nnen.<\/p>\n","protected":false},"author":1,"featured_media":0,"parent":0,"menu_order":0,"comment_status":"closed","ping_status":"closed","template":"","meta":{"_themeisle_gutenberg_block_has_review":false,"footnotes":""},"class_list":["post-52","page","type-page","status-publish","hentry"],"_links":{"self":[{"href":"http:\/\/www.schneps-transport.at\/index.php\/wp-json\/wp\/v2\/pages\/52","targetHints":{"allow":["GET"]}}],"collection":[{"href":"http:\/\/www.schneps-transport.at\/index.php\/wp-json\/wp\/v2\/pages"}],"about":[{"href":"http:\/\/www.schneps-transport.at\/index.php\/wp-json\/wp\/v2\/types\/page"}],"author":[{"embeddable":true,"href":"http:\/\/www.schneps-transport.at\/index.php\/wp-json\/wp\/v2\/users\/1"}],"replies":[{"embeddable":true,"href":"http:\/\/www.schneps-transport.at\/index.php\/wp-json\/wp\/v2\/comments?post=52"}],"version-history":[{"count":7,"href":"http:\/\/www.schneps-transport.at\/index.php\/wp-json\/wp\/v2\/pages\/52\/revisions"}],"predecessor-version":[{"id":547,"href":"http:\/\/www.schneps-transport.at\/index.php\/wp-json\/wp\/v2\/pages\/52\/revisions\/547"}],"wp:attachment":[{"href":"http:\/\/www.schneps-transport.at\/index.php\/wp-json\/wp\/v2\/media?parent=52"}],"curies":[{"name":"wp","href":"https:\/\/api.w.org\/{rel}","templated":true}]}}