{"id":46,"date":"2022-08-31T12:15:07","date_gmt":"2022-08-31T11:15:07","guid":{"rendered":"http:\/\/www.schneps-transport.at\/?page_id=46"},"modified":"2023-03-05T22:03:22","modified_gmt":"2023-03-05T21:03:22","slug":"erdarbeiten","status":"publish","type":"page","link":"http:\/\/www.schneps-transport.at\/index.php\/erdarbeiten\/","title":{"rendered":"Erdarbeiten"},"content":{"rendered":"\t\t<div data-elementor-type=\"wp-page\" data-elementor-id=\"46\" class=\"elementor elementor-46\">\n\t\t\t\t\t\t<section class=\"elementor-section elementor-top-section elementor-element elementor-element-5c8f25d elementor-section-boxed elementor-section-height-default elementor-section-height-default\" data-id=\"5c8f25d\" data-element_type=\"section\" data-e-type=\"section\">\n\t\t\t\t\t\t<div class=\"elementor-container elementor-column-gap-default\">\n\t\t\t\t\t<div class=\"elementor-column elementor-col-100 elementor-top-column elementor-element elementor-element-030d785\" data-id=\"030d785\" data-element_type=\"column\" data-e-type=\"column\">\n\t\t\t<div class=\"elementor-widget-wrap elementor-element-populated\">\n\t\t\t\t\t\t<div class=\"elementor-element elementor-element-1660395 elementor-widget elementor-widget-heading\" data-id=\"1660395\" data-element_type=\"widget\" data-e-type=\"widget\" data-widget_type=\"heading.default\">\n\t\t\t\t<div class=\"elementor-widget-container\">\n\t\t\t\t\t<h5 class=\"elementor-heading-title elementor-size-default\">Wir sind mit unserem Fuhrpark bestens ausgestattet, damit wir f\u00fcr jedes Bauvorhaben das passende Ger\u00e4t f\u00fcr Sie haben.<\/h5>\t\t\t\t<\/div>\n\t\t\t\t<\/div>\n\t\t\t\t\t<\/div>\n\t\t<\/div>\n\t\t\t\t\t<\/div>\n\t\t<\/section>\n\t\t\t\t<section class=\"elementor-section elementor-top-section elementor-element elementor-element-90f708f elementor-section-boxed elementor-section-height-default elementor-section-height-default\" data-id=\"90f708f\" data-element_type=\"section\" data-e-type=\"section\">\n\t\t\t\t\t\t<div class=\"elementor-container elementor-column-gap-default\">\n\t\t\t\t\t<div class=\"elementor-column elementor-col-50 elementor-top-column elementor-element elementor-element-969cb78\" data-id=\"969cb78\" data-element_type=\"column\" data-e-type=\"column\">\n\t\t\t<div class=\"elementor-widget-wrap elementor-element-populated\">\n\t\t\t\t\t\t<div class=\"elementor-element elementor-element-08e576f elementor-widget elementor-widget-text-editor\" data-id=\"08e576f\" data-element_type=\"widget\" data-e-type=\"widget\" data-widget_type=\"text-editor.default\">\n\t\t\t\t<div class=\"elementor-widget-container\">\n\t\t\t\t\t\t\t\t\t<h6>Ob f\u00fcr den <em>privaten Hausbau<\/em> oder f\u00fcr eine komplette Wohnhausanlage bei uns sind Sie genau richtig.<\/h6><p><strong>Folgende Leistungen k\u00f6nnen wir f\u00fcr Sie durchf\u00fchren:<\/strong><\/p><p>\u2022 Rodung des Grundst\u00fcckes<\/p><p>\u2022 Kelleraushub<\/p><p>\u2022 Fundamentaushub f\u00fcr das Haus und f\u00fcr den Gartenzaun<\/p><p>\u2022 Grabungsarbeiten f\u00fcr diverse Zuleitungen (Gas, Wasser, Strom, Kanal,\u2026)<\/p><p>\u2022 Abschieben und Begradigen des Grundst\u00fcckes<\/p><p>\u2022 Anplanieren der Gartenerde<\/p><p>\u2022 Hinterf\u00fcllung des Geb\u00e4udes<\/p><p>\u2022 Brunnenbau mit einem Mindestdurchmesser von 1,50 Meter und einer Tiefe bis zu 9 Meter<\/p><p>\u2022 Errichtung des Unterbaus f\u00fcr Pflasterung der Zufahrt, Wege, Pl\u00e4tze,\u2026<\/p><p>\u2022 Lieferung von Sand, Schotter, Humus<\/p><p>\u2022 Abtransport des Aushubmaterials<\/p>\t\t\t\t\t\t\t\t<\/div>\n\t\t\t\t<\/div>\n\t\t\t\t\t<\/div>\n\t\t<\/div>\n\t\t\t\t<div class=\"elementor-column elementor-col-50 elementor-top-column elementor-element elementor-element-27a365d\" data-id=\"27a365d\" data-element_type=\"column\" data-e-type=\"column\">\n\t\t\t<div class=\"elementor-widget-wrap elementor-element-populated\">\n\t\t\t\t\t\t<div class=\"elementor-element elementor-element-cb79fb5 elementor-widget elementor-widget-text-editor\" data-id=\"cb79fb5\" data-element_type=\"widget\" data-e-type=\"widget\" data-widget_type=\"text-editor.default\">\n\t\t\t\t<div class=\"elementor-widget-container\">\n\t\t\t\t\t\t\t\t\t<h6>Auch f\u00fcr die Errichtung Ihres <em>Gewerbebetriebes<\/em> sind wir f\u00fcr Sie der richtige Ansprechpartner, da ein gro\u00dfes Bauvorhaben keine Herausforderung f\u00fcr uns ist!<\/h6><p>\u2022 Rodung der Fl\u00e4che<\/p><p>\u2022 Gel\u00e4nde abgraben<\/p><p>\u2022 Fundamentaushub<\/p><p>\u2022 K\u00f6cheraushub<\/p><p>\u2022 Hinterf\u00fcllung<\/p><p>\u2022 Frostschutzschicht<\/p><p>\u2022 Unterbauplanum f\u00fcr Stra\u00dfe, Wege, Pl\u00e4tze<\/p><p>\u2022 Mechanisch stabilisierte Tragschicht<\/p>\t\t\t\t\t\t\t\t<\/div>\n\t\t\t\t<\/div>\n\t\t\t\t\t<\/div>\n\t\t<\/div>\n\t\t\t\t\t<\/div>\n\t\t<\/section>\n\t\t\t\t<section class=\"elementor-section elementor-top-section elementor-element elementor-element-5cc2681 elementor-section-boxed elementor-section-height-default elementor-section-height-default\" data-id=\"5cc2681\" data-element_type=\"section\" data-e-type=\"section\">\n\t\t\t\t\t\t<div class=\"elementor-container elementor-column-gap-default\">\n\t\t\t\t\t<div class=\"elementor-column elementor-col-100 elementor-top-column elementor-element elementor-element-d8a0a86\" data-id=\"d8a0a86\" data-element_type=\"column\" data-e-type=\"column\">\n\t\t\t<div class=\"elementor-widget-wrap elementor-element-populated\">\n\t\t\t\t\t\t<div class=\"elementor-element elementor-element-34cdde8 elementor-widget-divider--view-line elementor-widget elementor-widget-divider\" data-id=\"34cdde8\" data-element_type=\"widget\" data-e-type=\"widget\" data-widget_type=\"divider.default\">\n\t\t\t\t<div class=\"elementor-widget-container\">\n\t\t\t\t\t\t\t<div class=\"elementor-divider\">\n\t\t\t<span class=\"elementor-divider-separator\">\n\t\t\t\t\t\t<\/span>\n\t\t<\/div>\n\t\t\t\t\t\t<\/div>\n\t\t\t\t<\/div>\n\t\t\t\t\t<\/div>\n\t\t<\/div>\n\t\t\t\t\t<\/div>\n\t\t<\/section>\n\t\t\t\t<section class=\"elementor-section elementor-top-section elementor-element elementor-element-6995b19 elementor-section-boxed elementor-section-height-default elementor-section-height-default\" data-id=\"6995b19\" data-element_type=\"section\" data-e-type=\"section\">\n\t\t\t\t\t\t<div class=\"elementor-container elementor-column-gap-default\">\n\t\t\t\t\t<div class=\"elementor-column elementor-col-100 elementor-top-column elementor-element elementor-element-fdfe8f9\" data-id=\"fdfe8f9\" data-element_type=\"column\" data-e-type=\"column\">\n\t\t\t<div class=\"elementor-widget-wrap elementor-element-populated\">\n\t\t\t\t\t\t<div class=\"elementor-element elementor-element-f57f57a elementor-arrows-position-inside elementor-pagination-position-outside elementor-widget elementor-widget-image-carousel\" data-id=\"f57f57a\" data-element_type=\"widget\" data-e-type=\"widget\" data-settings=\"{&quot;navigation&quot;:&quot;both&quot;,&quot;autoplay&quot;:&quot;yes&quot;,&quot;pause_on_hover&quot;:&quot;yes&quot;,&quot;pause_on_interaction&quot;:&quot;yes&quot;,&quot;autoplay_speed&quot;:5000,&quot;infinite&quot;:&quot;yes&quot;,&quot;speed&quot;:500}\" data-widget_type=\"image-carousel.default\">\n\t\t\t\t<div class=\"elementor-widget-container\">\n\t\t\t\t\t\t\t<div class=\"elementor-image-carousel-wrapper swiper\" role=\"region\" aria-roledescription=\"carousel\" aria-label=\"Bild Karussell\" dir=\"ltr\">\n\t\t\t<div class=\"elementor-image-carousel swiper-wrapper\" aria-live=\"off\">\n\t\t\t\t\t\t\t\t<div class=\"swiper-slide\" role=\"group\" aria-roledescription=\"slide\" aria-label=\"1 von 9\"><a data-elementor-open-lightbox=\"yes\" data-elementor-lightbox-slideshow=\"f57f57a\" data-elementor-lightbox-title=\"roden\" data-e-action-hash=\"#elementor-action%3Aaction%3Dlightbox%26settings%3DeyJpZCI6MjI3LCJ1cmwiOiJodHRwOlwvXC93d3cuc2NobmVwcy10cmFuc3BvcnQuYXRcL3dwLWNvbnRlbnRcL3VwbG9hZHNcLzIwMjJcLzA5XC9yb2Rlbi5wbmciLCJzbGlkZXNob3ciOiJmNTdmNTdhIn0%3D\" href=\"http:\/\/www.schneps-transport.at\/wp-content\/uploads\/2022\/09\/roden.png\"><figure class=\"swiper-slide-inner\"><img decoding=\"async\" class=\"swiper-slide-image\" src=\"http:\/\/www.schneps-transport.at\/wp-content\/uploads\/2022\/09\/roden.png\" alt=\"roden\" \/><\/figure><\/a><\/div><div class=\"swiper-slide\" role=\"group\" aria-roledescription=\"slide\" aria-label=\"2 von 9\"><a data-elementor-open-lightbox=\"yes\" data-elementor-lightbox-slideshow=\"f57f57a\" data-elementor-lightbox-title=\"erarbeiten2\" data-e-action-hash=\"#elementor-action%3Aaction%3Dlightbox%26settings%3DeyJpZCI6MjI2LCJ1cmwiOiJodHRwOlwvXC93d3cuc2NobmVwcy10cmFuc3BvcnQuYXRcL3dwLWNvbnRlbnRcL3VwbG9hZHNcLzIwMjJcLzA5XC9lcmFyYmVpdGVuMi5wbmciLCJzbGlkZXNob3ciOiJmNTdmNTdhIn0%3D\" href=\"http:\/\/www.schneps-transport.at\/wp-content\/uploads\/2022\/09\/erarbeiten2.png\"><figure class=\"swiper-slide-inner\"><img decoding=\"async\" class=\"swiper-slide-image\" src=\"http:\/\/www.schneps-transport.at\/wp-content\/uploads\/2022\/09\/erarbeiten2.png\" alt=\"erarbeiten2\" \/><\/figure><\/a><\/div><div class=\"swiper-slide\" role=\"group\" aria-roledescription=\"slide\" aria-label=\"3 von 9\"><a data-elementor-open-lightbox=\"yes\" data-elementor-lightbox-slideshow=\"f57f57a\" data-elementor-lightbox-title=\"erarbeiten1\" data-e-action-hash=\"#elementor-action%3Aaction%3Dlightbox%26settings%3DeyJpZCI6MjI1LCJ1cmwiOiJodHRwOlwvXC93d3cuc2NobmVwcy10cmFuc3BvcnQuYXRcL3dwLWNvbnRlbnRcL3VwbG9hZHNcLzIwMjJcLzA5XC9lcmFyYmVpdGVuMS5wbmciLCJzbGlkZXNob3ciOiJmNTdmNTdhIn0%3D\" href=\"http:\/\/www.schneps-transport.at\/wp-content\/uploads\/2022\/09\/erarbeiten1.png\"><figure class=\"swiper-slide-inner\"><img decoding=\"async\" class=\"swiper-slide-image\" src=\"http:\/\/www.schneps-transport.at\/wp-content\/uploads\/2022\/09\/erarbeiten1.png\" alt=\"erarbeiten1\" \/><\/figure><\/a><\/div><div class=\"swiper-slide\" role=\"group\" aria-roledescription=\"slide\" aria-label=\"4 von 9\"><a data-elementor-open-lightbox=\"yes\" data-elementor-lightbox-slideshow=\"f57f57a\" data-elementor-lightbox-title=\"betriebsgebiet\" data-e-action-hash=\"#elementor-action%3Aaction%3Dlightbox%26settings%3DeyJpZCI6MjM4LCJ1cmwiOiJodHRwOlwvXC93d3cuc2NobmVwcy10cmFuc3BvcnQuYXRcL3dwLWNvbnRlbnRcL3VwbG9hZHNcLzIwMjJcLzA5XC9iZXRyaWVic2dlYmlldC5wbmciLCJzbGlkZXNob3ciOiJmNTdmNTdhIn0%3D\" href=\"http:\/\/www.schneps-transport.at\/wp-content\/uploads\/2022\/09\/betriebsgebiet.png\"><figure class=\"swiper-slide-inner\"><img decoding=\"async\" class=\"swiper-slide-image\" src=\"http:\/\/www.schneps-transport.at\/wp-content\/uploads\/2022\/09\/betriebsgebiet.png\" alt=\"betriebsgebiet\" \/><\/figure><\/a><\/div><div class=\"swiper-slide\" role=\"group\" aria-roledescription=\"slide\" aria-label=\"5 von 9\"><a data-elementor-open-lightbox=\"yes\" data-elementor-lightbox-slideshow=\"f57f57a\" data-elementor-lightbox-title=\"brunnen graben\" data-e-action-hash=\"#elementor-action%3Aaction%3Dlightbox%26settings%3DeyJpZCI6MjM5LCJ1cmwiOiJodHRwOlwvXC93d3cuc2NobmVwcy10cmFuc3BvcnQuYXRcL3dwLWNvbnRlbnRcL3VwbG9hZHNcLzIwMjJcLzA5XC9icnVubmVuLWdyYWJlbi5wbmciLCJzbGlkZXNob3ciOiJmNTdmNTdhIn0%3D\" href=\"http:\/\/www.schneps-transport.at\/wp-content\/uploads\/2022\/09\/brunnen-graben.png\"><figure class=\"swiper-slide-inner\"><img decoding=\"async\" class=\"swiper-slide-image\" src=\"http:\/\/www.schneps-transport.at\/wp-content\/uploads\/2022\/09\/brunnen-graben.png\" alt=\"brunnen graben\" \/><\/figure><\/a><\/div><div class=\"swiper-slide\" role=\"group\" aria-roledescription=\"slide\" aria-label=\"6 von 9\"><a data-elementor-open-lightbox=\"yes\" data-elementor-lightbox-slideshow=\"f57f57a\" data-elementor-lightbox-title=\"eng\" data-e-action-hash=\"#elementor-action%3Aaction%3Dlightbox%26settings%3DeyJpZCI6MjQwLCJ1cmwiOiJodHRwOlwvXC93d3cuc2NobmVwcy10cmFuc3BvcnQuYXRcL3dwLWNvbnRlbnRcL3VwbG9hZHNcLzIwMjJcLzA5XC9lbmcucG5nIiwic2xpZGVzaG93IjoiZjU3ZjU3YSJ9\" href=\"http:\/\/www.schneps-transport.at\/wp-content\/uploads\/2022\/09\/eng.png\"><figure class=\"swiper-slide-inner\"><img decoding=\"async\" class=\"swiper-slide-image\" src=\"http:\/\/www.schneps-transport.at\/wp-content\/uploads\/2022\/09\/eng.png\" alt=\"eng\" \/><\/figure><\/a><\/div><div class=\"swiper-slide\" role=\"group\" aria-roledescription=\"slide\" aria-label=\"7 von 9\"><a data-elementor-open-lightbox=\"yes\" data-elementor-lightbox-slideshow=\"f57f57a\" data-elementor-lightbox-title=\"garten gestalten\" data-e-action-hash=\"#elementor-action%3Aaction%3Dlightbox%26settings%3DeyJpZCI6MjQxLCJ1cmwiOiJodHRwOlwvXC93d3cuc2NobmVwcy10cmFuc3BvcnQuYXRcL3dwLWNvbnRlbnRcL3VwbG9hZHNcLzIwMjJcLzA5XC9nYXJ0ZW4tZ2VzdGFsdGVuLnBuZyIsInNsaWRlc2hvdyI6ImY1N2Y1N2EifQ%3D%3D\" href=\"http:\/\/www.schneps-transport.at\/wp-content\/uploads\/2022\/09\/garten-gestalten.png\"><figure class=\"swiper-slide-inner\"><img decoding=\"async\" class=\"swiper-slide-image\" src=\"http:\/\/www.schneps-transport.at\/wp-content\/uploads\/2022\/09\/garten-gestalten.png\" alt=\"garten gestalten\" \/><\/figure><\/a><\/div><div class=\"swiper-slide\" role=\"group\" aria-roledescription=\"slide\" aria-label=\"8 von 9\"><a data-elementor-open-lightbox=\"yes\" data-elementor-lightbox-slideshow=\"f57f57a\" data-elementor-lightbox-title=\"kelleraushub_haus\" data-e-action-hash=\"#elementor-action%3Aaction%3Dlightbox%26settings%3DeyJpZCI6MjQyLCJ1cmwiOiJodHRwOlwvXC93d3cuc2NobmVwcy10cmFuc3BvcnQuYXRcL3dwLWNvbnRlbnRcL3VwbG9hZHNcLzIwMjJcLzA5XC9rZWxsZXJhdXNodWJfaGF1cy5wbmciLCJzbGlkZXNob3ciOiJmNTdmNTdhIn0%3D\" href=\"http:\/\/www.schneps-transport.at\/wp-content\/uploads\/2022\/09\/kelleraushub_haus.png\"><figure class=\"swiper-slide-inner\"><img decoding=\"async\" class=\"swiper-slide-image\" src=\"http:\/\/www.schneps-transport.at\/wp-content\/uploads\/2022\/09\/kelleraushub_haus.png\" alt=\"kelleraushub_haus\" \/><\/figure><\/a><\/div><div class=\"swiper-slide\" role=\"group\" aria-roledescription=\"slide\" aria-label=\"9 von 9\"><a data-elementor-open-lightbox=\"yes\" data-elementor-lightbox-slideshow=\"f57f57a\" data-elementor-lightbox-title=\"kelleraushub_wohn\" data-e-action-hash=\"#elementor-action%3Aaction%3Dlightbox%26settings%3DeyJpZCI6MjQzLCJ1cmwiOiJodHRwOlwvXC93d3cuc2NobmVwcy10cmFuc3BvcnQuYXRcL3dwLWNvbnRlbnRcL3VwbG9hZHNcLzIwMjJcLzA5XC9rZWxsZXJhdXNodWJfd29obi5wbmciLCJzbGlkZXNob3ciOiJmNTdmNTdhIn0%3D\" href=\"http:\/\/www.schneps-transport.at\/wp-content\/uploads\/2022\/09\/kelleraushub_wohn.png\"><figure class=\"swiper-slide-inner\"><img decoding=\"async\" class=\"swiper-slide-image\" src=\"http:\/\/www.schneps-transport.at\/wp-content\/uploads\/2022\/09\/kelleraushub_wohn.png\" alt=\"kelleraushub_wohn\" \/><\/figure><\/a><\/div>\t\t\t<\/div>\n\t\t\t\t\t\t\t\t\t\t\t\t<div class=\"elementor-swiper-button elementor-swiper-button-prev\" role=\"button\" tabindex=\"0\">\n\t\t\t\t\t\t<i aria-hidden=\"true\" class=\"eicon-chevron-left\"><\/i>\t\t\t\t\t<\/div>\n\t\t\t\t\t<div class=\"elementor-swiper-button elementor-swiper-button-next\" role=\"button\" tabindex=\"0\">\n\t\t\t\t\t\t<i aria-hidden=\"true\" class=\"eicon-chevron-right\"><\/i>\t\t\t\t\t<\/div>\n\t\t\t\t\n\t\t\t\t\t\t\t\t\t<div class=\"swiper-pagination\"><\/div>\n\t\t\t\t\t\t\t\t\t<\/div>\n\t\t\t\t\t\t<\/div>\n\t\t\t\t<\/div>\n\t\t\t\t\t<\/div>\n\t\t<\/div>\n\t\t\t\t\t<\/div>\n\t\t<\/section>\n\t\t\t\t<section class=\"elementor-section elementor-top-section elementor-element elementor-element-12dee49 elementor-section-boxed elementor-section-height-default elementor-section-height-default\" data-id=\"12dee49\" data-element_type=\"section\" data-e-type=\"section\">\n\t\t\t\t\t\t<div class=\"elementor-container elementor-column-gap-default\">\n\t\t\t\t\t<div class=\"elementor-column elementor-col-100 elementor-top-column elementor-element elementor-element-26d1ccc\" data-id=\"26d1ccc\" data-element_type=\"column\" data-e-type=\"column\">\n\t\t\t<div class=\"elementor-widget-wrap elementor-element-populated\">\n\t\t\t\t\t\t<div class=\"elementor-element elementor-element-0fc746f elementor-widget elementor-widget-spacer\" data-id=\"0fc746f\" data-element_type=\"widget\" data-e-type=\"widget\" data-widget_type=\"spacer.default\">\n\t\t\t\t<div class=\"elementor-widget-container\">\n\t\t\t\t\t\t\t<div class=\"elementor-spacer\">\n\t\t\t<div class=\"elementor-spacer-inner\"><\/div>\n\t\t<\/div>\n\t\t\t\t\t\t<\/div>\n\t\t\t\t<\/div>\n\t\t\t\t\t<\/div>\n\t\t<\/div>\n\t\t\t\t\t<\/div>\n\t\t<\/section>\n\t\t\t\t<section class=\"elementor-section elementor-top-section elementor-element elementor-element-7a9a288 elementor-section-boxed elementor-section-height-default elementor-section-height-default\" data-id=\"7a9a288\" data-element_type=\"section\" data-e-type=\"section\">\n\t\t\t\t\t\t<div class=\"elementor-container elementor-column-gap-default\">\n\t\t\t\t\t<div class=\"elementor-column elementor-col-100 elementor-top-column elementor-element elementor-element-97e38c7\" data-id=\"97e38c7\" data-element_type=\"column\" data-e-type=\"column\">\n\t\t\t<div class=\"elementor-widget-wrap elementor-element-populated\">\n\t\t\t\t\t\t<div class=\"elementor-element elementor-element-c47d8cb elementor-widget elementor-widget-text-editor\" data-id=\"c47d8cb\" data-element_type=\"widget\" data-e-type=\"widget\" data-widget_type=\"text-editor.default\">\n\t\t\t\t<div class=\"elementor-widget-container\">\n\t\t\t\t\t\t\t\t\t<p>Aufgrund der <b>neuen Recycling-Baustoffverordnung<\/b> sind wir leider verpflichtet umfangreiche Dokumentationen vom Auftraggeber einzuholen. Wir haben hier die ben\u00f6tigten Formulare f\u00fcr Sie zum Download bereitgestellt:<\/p><p>Beim Aushub und der Entsorgung von <b>Bodenaushub von einer Kleinmenge von max. 2.000 t<\/b> sind folgende Formulare notwendig:<\/p><p>\u2022 <em>Formular:<\/em> <a href=\"http:\/\/www.schneps-transport.at\/wp-content\/uploads\/2023\/03\/Abfallinformation-gem.-Kleinmengenregelung.pdf\" target=\"blank\">Bodenaushub &#8211; Aushubinformation f\u00fcr eine Kleinmenge<\/a><br \/>\u2022 <em>Formular:<\/em> <a href=\"http:\/\/www.schneps-transport.at\/wp-content\/uploads\/2022\/09\/Bodenaushub-Anlieferung-Bodenaushub.pdf\" target=\"blank\">Bodenaushub &#8211; Anlieferung Bodenaushub<\/a><\/p><p>Bei der Entsorgung von <b>Bodenaushub \u00fcber 2.000 t<\/b> ist ein Gutachten einer befugten Fachperson\/Fachanstalt vorzulegen.<\/p>\t\t\t\t\t\t\t\t<\/div>\n\t\t\t\t<\/div>\n\t\t\t\t\t<\/div>\n\t\t<\/div>\n\t\t\t\t\t<\/div>\n\t\t<\/section>\n\t\t\t\t<section class=\"elementor-section elementor-top-section elementor-element elementor-element-d601e8c elementor-section-boxed elementor-section-height-default elementor-section-height-default\" data-id=\"d601e8c\" data-element_type=\"section\" data-e-type=\"section\">\n\t\t\t\t\t\t<div class=\"elementor-container elementor-column-gap-default\">\n\t\t\t\t\t<div class=\"elementor-column elementor-col-100 elementor-top-column elementor-element elementor-element-83cb177\" data-id=\"83cb177\" data-element_type=\"column\" data-e-type=\"column\">\n\t\t\t<div class=\"elementor-widget-wrap elementor-element-populated\">\n\t\t\t\t\t\t<div class=\"elementor-element elementor-element-3aa5649 elementor-widget elementor-widget-spacer\" data-id=\"3aa5649\" data-element_type=\"widget\" data-e-type=\"widget\" data-widget_type=\"spacer.default\">\n\t\t\t\t<div class=\"elementor-widget-container\">\n\t\t\t\t\t\t\t<div class=\"elementor-spacer\">\n\t\t\t<div class=\"elementor-spacer-inner\"><\/div>\n\t\t<\/div>\n\t\t\t\t\t\t<\/div>\n\t\t\t\t<\/div>\n\t\t\t\t\t<\/div>\n\t\t<\/div>\n\t\t\t\t\t<\/div>\n\t\t<\/section>\n\t\t\t\t<\/div>\n\t\t","protected":false},"excerpt":{"rendered":"<p>Wir sind mit unserem Fuhrpark bestens ausgestattet, damit wir f\u00fcr jedes Bauvorhaben das passende Ger\u00e4t f\u00fcr Sie haben. Ob f\u00fcr den privaten Hausbau oder f\u00fcr eine komplette Wohnhausanlage bei uns sind Sie genau richtig. Folgende Leistungen k\u00f6nnen wir f\u00fcr Sie durchf\u00fchren: \u2022 Rodung des Grundst\u00fcckes \u2022 Kelleraushub \u2022 Fundamentaushub f\u00fcr das Haus und f\u00fcr den [&hellip;]<\/p>\n","protected":false},"author":1,"featured_media":0,"parent":0,"menu_order":0,"comment_status":"closed","ping_status":"closed","template":"","meta":{"_themeisle_gutenberg_block_has_review":false,"footnotes":""},"class_list":["post-46","page","type-page","status-publish","hentry"],"_links":{"self":[{"href":"http:\/\/www.schneps-transport.at\/index.php\/wp-json\/wp\/v2\/pages\/46","targetHints":{"allow":["GET"]}}],"collection":[{"href":"http:\/\/www.schneps-transport.at\/index.php\/wp-json\/wp\/v2\/pages"}],"about":[{"href":"http:\/\/www.schneps-transport.at\/index.php\/wp-json\/wp\/v2\/types\/page"}],"author":[{"embeddable":true,"href":"http:\/\/www.schneps-transport.at\/index.php\/wp-json\/wp\/v2\/users\/1"}],"replies":[{"embeddable":true,"href":"http:\/\/www.schneps-transport.at\/index.php\/wp-json\/wp\/v2\/comments?post=46"}],"version-history":[{"count":43,"href":"http:\/\/www.schneps-transport.at\/index.php\/wp-json\/wp\/v2\/pages\/46\/revisions"}],"predecessor-version":[{"id":799,"href":"http:\/\/www.schneps-transport.at\/index.php\/wp-json\/wp\/v2\/pages\/46\/revisions\/799"}],"wp:attachment":[{"href":"http:\/\/www.schneps-transport.at\/index.php\/wp-json\/wp\/v2\/media?parent=46"}],"curies":[{"name":"wp","href":"https:\/\/api.w.org\/{rel}","templated":true}]}}