{"id":40,"date":"2022-08-31T12:14:36","date_gmt":"2022-08-31T11:14:36","guid":{"rendered":"http:\/\/www.schneps-transport.at\/?page_id=40"},"modified":"2022-09-06T09:56:00","modified_gmt":"2022-09-06T08:56:00","slug":"abbrucharbeiten","status":"publish","type":"page","link":"http:\/\/www.schneps-transport.at\/index.php\/abbrucharbeiten\/","title":{"rendered":"Abbrucharbeiten"},"content":{"rendered":"\t\t<div data-elementor-type=\"wp-page\" data-elementor-id=\"40\" class=\"elementor elementor-40\">\n\t\t\t\t\t\t<section class=\"elementor-section elementor-top-section elementor-element elementor-element-f0420fb elementor-section-boxed elementor-section-height-default elementor-section-height-default\" data-id=\"f0420fb\" data-element_type=\"section\" data-e-type=\"section\">\n\t\t\t\t\t\t<div class=\"elementor-container elementor-column-gap-default\">\n\t\t\t\t\t<div class=\"elementor-column elementor-col-50 elementor-top-column elementor-element elementor-element-98823dc\" data-id=\"98823dc\" data-element_type=\"column\" data-e-type=\"column\">\n\t\t\t<div class=\"elementor-widget-wrap elementor-element-populated\">\n\t\t\t\t\t\t<div class=\"elementor-element elementor-element-68091d2 elementor-widget elementor-widget-text-editor\" data-id=\"68091d2\" data-element_type=\"widget\" data-e-type=\"widget\" data-widget_type=\"text-editor.default\">\n\t\t\t\t<div class=\"elementor-widget-container\">\n\t\t\t\t\t\t\t\t\t<h6><em>Haben Sie ein altes Haus, Halle, Garage, etc. welches abgetragen werden soll?<\/em><\/h6>\n<p>Wir erledigen das gerne f\u00fcr Sie, denn wir&#8230;<\/p>\n<p>\u2022 entr\u00fcmpeln <br>\u2022 sortieren das Material direkt vor Ort, damit eine kosteng\u00fcnstige Verwertung m\u00f6glich ist<br>\u2022 brechen das Geb\u00e4ude ab<br>\u2022 entsorgen s\u00e4mtliches anfallendes Material ordnungsgem\u00e4\u00df <br>\u2022 gleichen die Abbruchfl\u00e4che dem unmittelbaren Umfeld an<br>\u2022 und auf Wunsch brechen wir das Abbruchmaterial bei Ihnen vor Ort auf<\/p>\t\t\t\t\t\t\t\t<\/div>\n\t\t\t\t<\/div>\n\t\t\t\t\t<\/div>\n\t\t<\/div>\n\t\t\t\t<div class=\"elementor-column elementor-col-50 elementor-top-column elementor-element elementor-element-dd9399c\" data-id=\"dd9399c\" data-element_type=\"column\" data-e-type=\"column\">\n\t\t\t<div class=\"elementor-widget-wrap elementor-element-populated\">\n\t\t\t\t\t\t<div class=\"elementor-element elementor-element-7811a3b elementor-widget elementor-widget-image\" data-id=\"7811a3b\" data-element_type=\"widget\" data-e-type=\"widget\" data-widget_type=\"image.default\">\n\t\t\t\t<div class=\"elementor-widget-container\">\n\t\t\t\t\t\t\t\t\t\t\t\t<figure class=\"wp-caption\">\n\t\t\t\t\t\t\t\t\t\t\t<a href=\"http:\/\/www.schneps-transport.at\/wp-content\/uploads\/2022\/09\/abbruch-collage.jpg\" data-elementor-open-lightbox=\"yes\" data-elementor-lightbox-title=\"abbruch collage\" data-e-action-hash=\"#elementor-action%3Aaction%3Dlightbox%26settings%3DeyJpZCI6MTE2LCJ1cmwiOiJodHRwOlwvXC93d3cuc2NobmVwcy10cmFuc3BvcnQuYXRcL3dwLWNvbnRlbnRcL3VwbG9hZHNcLzIwMjJcLzA5XC9hYmJydWNoLWNvbGxhZ2UuanBnIn0%3D\">\n\t\t\t\t\t\t\t<img fetchpriority=\"high\" decoding=\"async\" width=\"277\" height=\"300\" src=\"http:\/\/www.schneps-transport.at\/wp-content\/uploads\/2022\/09\/abbruch-collage-277x300.jpg\" class=\"attachment-medium size-medium wp-image-116\" alt=\"\" srcset=\"http:\/\/www.schneps-transport.at\/wp-content\/uploads\/2022\/09\/abbruch-collage-277x300.jpg 277w, http:\/\/www.schneps-transport.at\/wp-content\/uploads\/2022\/09\/abbruch-collage.jpg 500w\" sizes=\"(max-width: 277px) 100vw, 277px\" \/>\t\t\t\t\t\t\t\t<\/a>\n\t\t\t\t\t\t\t\t\t\t\t<figcaption class=\"widget-image-caption wp-caption-text\"><\/figcaption>\n\t\t\t\t\t\t\t\t\t\t<\/figure>\n\t\t\t\t\t\t\t\t\t<\/div>\n\t\t\t\t<\/div>\n\t\t\t\t\t<\/div>\n\t\t<\/div>\n\t\t\t\t\t<\/div>\n\t\t<\/section>\n\t\t\t\t<section class=\"elementor-section elementor-top-section elementor-element elementor-element-d12e787 elementor-section-boxed elementor-section-height-default elementor-section-height-default\" data-id=\"d12e787\" data-element_type=\"section\" data-e-type=\"section\">\n\t\t\t\t\t\t<div class=\"elementor-container elementor-column-gap-default\">\n\t\t\t\t\t<div class=\"elementor-column elementor-col-100 elementor-top-column elementor-element elementor-element-89d93f7\" data-id=\"89d93f7\" data-element_type=\"column\" data-e-type=\"column\">\n\t\t\t<div class=\"elementor-widget-wrap elementor-element-populated\">\n\t\t\t\t\t\t<div class=\"elementor-element elementor-element-c96cddc elementor-widget-divider--view-line elementor-widget elementor-widget-divider\" data-id=\"c96cddc\" data-element_type=\"widget\" data-e-type=\"widget\" data-widget_type=\"divider.default\">\n\t\t\t\t<div class=\"elementor-widget-container\">\n\t\t\t\t\t\t\t<div class=\"elementor-divider\">\n\t\t\t<span class=\"elementor-divider-separator\">\n\t\t\t\t\t\t<\/span>\n\t\t<\/div>\n\t\t\t\t\t\t<\/div>\n\t\t\t\t<\/div>\n\t\t\t\t\t<\/div>\n\t\t<\/div>\n\t\t\t\t\t<\/div>\n\t\t<\/section>\n\t\t\t\t<section class=\"elementor-section elementor-top-section elementor-element elementor-element-8378f82 elementor-section-boxed elementor-section-height-default elementor-section-height-default\" data-id=\"8378f82\" data-element_type=\"section\" data-e-type=\"section\">\n\t\t\t\t\t\t<div class=\"elementor-container elementor-column-gap-default\">\n\t\t\t\t\t<div class=\"elementor-column elementor-col-100 elementor-top-column elementor-element elementor-element-d270d43\" data-id=\"d270d43\" data-element_type=\"column\" data-e-type=\"column\">\n\t\t\t<div class=\"elementor-widget-wrap elementor-element-populated\">\n\t\t\t\t\t\t<div class=\"elementor-element elementor-element-d9e2082 elementor-arrows-position-inside elementor-pagination-position-outside elementor-widget elementor-widget-image-carousel\" data-id=\"d9e2082\" data-element_type=\"widget\" data-e-type=\"widget\" data-settings=\"{&quot;navigation&quot;:&quot;both&quot;,&quot;autoplay&quot;:&quot;yes&quot;,&quot;pause_on_hover&quot;:&quot;yes&quot;,&quot;pause_on_interaction&quot;:&quot;yes&quot;,&quot;autoplay_speed&quot;:5000,&quot;infinite&quot;:&quot;yes&quot;,&quot;speed&quot;:500}\" data-widget_type=\"image-carousel.default\">\n\t\t\t\t<div class=\"elementor-widget-container\">\n\t\t\t\t\t\t\t<div class=\"elementor-image-carousel-wrapper swiper\" role=\"region\" aria-roledescription=\"carousel\" aria-label=\"Bild Karussell\" dir=\"ltr\">\n\t\t\t<div class=\"elementor-image-carousel swiper-wrapper\" aria-live=\"off\">\n\t\t\t\t\t\t\t\t<div class=\"swiper-slide\" role=\"group\" aria-roledescription=\"slide\" aria-label=\"1 von 4\"><a data-elementor-open-lightbox=\"yes\" data-elementor-lightbox-slideshow=\"d9e2082\" data-elementor-lightbox-title=\"vorher_nachher\" data-e-action-hash=\"#elementor-action%3Aaction%3Dlightbox%26settings%3DeyJpZCI6MTI5LCJ1cmwiOiJodHRwOlwvXC93d3cuc2NobmVwcy10cmFuc3BvcnQuYXRcL3dwLWNvbnRlbnRcL3VwbG9hZHNcLzIwMjJcLzA5XC92b3JoZXJfbmFjaGhlci5wbmciLCJzbGlkZXNob3ciOiJkOWUyMDgyIn0%3D\" href=\"http:\/\/www.schneps-transport.at\/wp-content\/uploads\/2022\/09\/vorher_nachher.png\"><figure class=\"swiper-slide-inner\"><img decoding=\"async\" class=\"swiper-slide-image\" src=\"http:\/\/www.schneps-transport.at\/wp-content\/uploads\/2022\/09\/vorher_nachher.png\" alt=\"Abbruch - Hof\" \/><figcaption class=\"elementor-image-carousel-caption\">Abbruch - Hof<\/figcaption><\/figure><\/a><\/div><div class=\"swiper-slide\" role=\"group\" aria-roledescription=\"slide\" aria-label=\"2 von 4\"><a data-elementor-open-lightbox=\"yes\" data-elementor-lightbox-slideshow=\"d9e2082\" data-elementor-lightbox-title=\"abbruch1\" data-e-action-hash=\"#elementor-action%3Aaction%3Dlightbox%26settings%3DeyJpZCI6MTIwLCJ1cmwiOiJodHRwOlwvXC93d3cuc2NobmVwcy10cmFuc3BvcnQuYXRcL3dwLWNvbnRlbnRcL3VwbG9hZHNcLzIwMjJcLzA5XC9hYmJydWNoMS5wbmciLCJzbGlkZXNob3ciOiJkOWUyMDgyIn0%3D\" href=\"http:\/\/www.schneps-transport.at\/wp-content\/uploads\/2022\/09\/abbruch1.png\"><figure class=\"swiper-slide-inner\"><img decoding=\"async\" class=\"swiper-slide-image\" src=\"http:\/\/www.schneps-transport.at\/wp-content\/uploads\/2022\/09\/abbruch1.png\" alt=\"Abbruch - Hausanlage\" \/><figcaption class=\"elementor-image-carousel-caption\">Abbruch - Hausanlage<\/figcaption><\/figure><\/a><\/div><div class=\"swiper-slide\" role=\"group\" aria-roledescription=\"slide\" aria-label=\"3 von 4\"><a data-elementor-open-lightbox=\"yes\" data-elementor-lightbox-slideshow=\"d9e2082\" data-elementor-lightbox-title=\"abbruch2\" data-e-action-hash=\"#elementor-action%3Aaction%3Dlightbox%26settings%3DeyJpZCI6MTIxLCJ1cmwiOiJodHRwOlwvXC93d3cuc2NobmVwcy10cmFuc3BvcnQuYXRcL3dwLWNvbnRlbnRcL3VwbG9hZHNcLzIwMjJcLzA5XC9hYmJydWNoMi5wbmciLCJzbGlkZXNob3ciOiJkOWUyMDgyIn0%3D\" href=\"http:\/\/www.schneps-transport.at\/wp-content\/uploads\/2022\/09\/abbruch2.png\"><figure class=\"swiper-slide-inner\"><img decoding=\"async\" class=\"swiper-slide-image\" src=\"http:\/\/www.schneps-transport.at\/wp-content\/uploads\/2022\/09\/abbruch2.png\" alt=\"Abbruch - Hausanlage\" \/><figcaption class=\"elementor-image-carousel-caption\">Abbruch - Hausanlage<\/figcaption><\/figure><\/a><\/div><div class=\"swiper-slide\" role=\"group\" aria-roledescription=\"slide\" aria-label=\"4 von 4\"><a data-elementor-open-lightbox=\"yes\" data-elementor-lightbox-slideshow=\"d9e2082\" data-elementor-lightbox-title=\"abbruch3\" data-e-action-hash=\"#elementor-action%3Aaction%3Dlightbox%26settings%3DeyJpZCI6MTIyLCJ1cmwiOiJodHRwOlwvXC93d3cuc2NobmVwcy10cmFuc3BvcnQuYXRcL3dwLWNvbnRlbnRcL3VwbG9hZHNcLzIwMjJcLzA5XC9hYmJydWNoMy5wbmciLCJzbGlkZXNob3ciOiJkOWUyMDgyIn0%3D\" href=\"http:\/\/www.schneps-transport.at\/wp-content\/uploads\/2022\/09\/abbruch3.png\"><figure class=\"swiper-slide-inner\"><img decoding=\"async\" class=\"swiper-slide-image\" src=\"http:\/\/www.schneps-transport.at\/wp-content\/uploads\/2022\/09\/abbruch3.png\" alt=\"Abbruch - Halle\" \/><figcaption class=\"elementor-image-carousel-caption\">Abbruch - Halle<\/figcaption><\/figure><\/a><\/div>\t\t\t<\/div>\n\t\t\t\t\t\t\t\t\t\t\t\t<div class=\"elementor-swiper-button elementor-swiper-button-prev\" role=\"button\" tabindex=\"0\">\n\t\t\t\t\t\t<i aria-hidden=\"true\" class=\"eicon-chevron-left\"><\/i>\t\t\t\t\t<\/div>\n\t\t\t\t\t<div class=\"elementor-swiper-button elementor-swiper-button-next\" role=\"button\" tabindex=\"0\">\n\t\t\t\t\t\t<i aria-hidden=\"true\" class=\"eicon-chevron-right\"><\/i>\t\t\t\t\t<\/div>\n\t\t\t\t\n\t\t\t\t\t\t\t\t\t<div class=\"swiper-pagination\"><\/div>\n\t\t\t\t\t\t\t\t\t<\/div>\n\t\t\t\t\t\t<\/div>\n\t\t\t\t<\/div>\n\t\t\t\t\t<\/div>\n\t\t<\/div>\n\t\t\t\t\t<\/div>\n\t\t<\/section>\n\t\t\t\t<section class=\"elementor-section elementor-top-section elementor-element elementor-element-5b77f22 elementor-section-boxed elementor-section-height-default elementor-section-height-default\" data-id=\"5b77f22\" data-element_type=\"section\" data-e-type=\"section\">\n\t\t\t\t\t\t<div class=\"elementor-container elementor-column-gap-default\">\n\t\t\t\t\t<div class=\"elementor-column elementor-col-100 elementor-top-column elementor-element elementor-element-cb814f4\" data-id=\"cb814f4\" data-element_type=\"column\" data-e-type=\"column\">\n\t\t\t<div class=\"elementor-widget-wrap elementor-element-populated\">\n\t\t\t\t\t\t<div class=\"elementor-element elementor-element-d56cc43 elementor-widget elementor-widget-spacer\" data-id=\"d56cc43\" data-element_type=\"widget\" data-e-type=\"widget\" data-widget_type=\"spacer.default\">\n\t\t\t\t<div class=\"elementor-widget-container\">\n\t\t\t\t\t\t\t<div class=\"elementor-spacer\">\n\t\t\t<div class=\"elementor-spacer-inner\"><\/div>\n\t\t<\/div>\n\t\t\t\t\t\t<\/div>\n\t\t\t\t<\/div>\n\t\t\t\t\t<\/div>\n\t\t<\/div>\n\t\t\t\t\t<\/div>\n\t\t<\/section>\n\t\t\t\t<section class=\"elementor-section elementor-top-section elementor-element elementor-element-7321f09 elementor-section-boxed elementor-section-height-default elementor-section-height-default\" data-id=\"7321f09\" data-element_type=\"section\" data-e-type=\"section\">\n\t\t\t\t\t\t<div class=\"elementor-container elementor-column-gap-default\">\n\t\t\t\t\t<div class=\"elementor-column elementor-col-50 elementor-top-column elementor-element elementor-element-dc64077\" data-id=\"dc64077\" data-element_type=\"column\" data-e-type=\"column\">\n\t\t\t<div class=\"elementor-widget-wrap elementor-element-populated\">\n\t\t\t\t\t\t<div class=\"elementor-element elementor-element-0c36545 elementor-widget elementor-widget-text-editor\" data-id=\"0c36545\" data-element_type=\"widget\" data-e-type=\"widget\" data-widget_type=\"text-editor.default\">\n\t\t\t\t<div class=\"elementor-widget-container\">\n\t\t\t\t\t\t\t\t\t<p>Aufgrund der <strong>neuen Recycling-Baustoffverordnung<\/strong> sind wir leider verpflichtet umfangreiche Dokumentationen vom Auftraggeber einzuholen.<br \/>Wir haben hier die ben\u00f6tigten Formulare f\u00fcr Sie zum Download bereitgestellt:<\/p><p>F\u00fcr die <strong>Entsorgung einer Kleinmenge<\/strong> (Asphalt, Beton, Bauschutt) von max. 750 t aus Bau- und Abbrucht\u00e4tigkeiten sind folgende Formulare notwendig:<\/p><p>\u2022 <em> Formular: <a href=\"http:\/\/www.schneps-transport.at\/wp-admin\/upload.php?item=150\" target=\"_blank\" rel=\"noopener\">Abfalldokumentation f\u00fcr eine Kleinmenge aus Baut\u00e4tigkeiten<\/a><\/em><\/p>\t\t\t\t\t\t\t\t<\/div>\n\t\t\t\t<\/div>\n\t\t\t\t\t<\/div>\n\t\t<\/div>\n\t\t\t\t<div class=\"elementor-column elementor-col-50 elementor-top-column elementor-element elementor-element-246caf8\" data-id=\"246caf8\" data-element_type=\"column\" data-e-type=\"column\">\n\t\t\t<div class=\"elementor-widget-wrap elementor-element-populated\">\n\t\t\t\t\t\t<div class=\"elementor-element elementor-element-d7bd5da elementor-widget elementor-widget-text-editor\" data-id=\"d7bd5da\" data-element_type=\"widget\" data-e-type=\"widget\" data-widget_type=\"text-editor.default\">\n\t\t\t\t<div class=\"elementor-widget-container\">\n\t\t\t\t\t\t\t\t\t<p>Bei <strong>Hochbau-Abbr\u00fcchen<\/strong> (R\u00fcckbauten) von mehr als 750 t und <strong>weniger als 3.500 m\u00b3 Brutto-Rauminhalt<\/strong> sind folgende Formulare notwendig:<\/p><p>\u2022 <em> Formular: <a href=\"http:\/\/www.schneps-transport.at\/wp-content\/uploads\/2022\/09\/Objektbeschreibung.pdf\">Objektbeschreibung (ist vom Bauherrn auszuf\u00fcllen)<\/a><br \/>\u2022 Formular: <a href=\"http:\/\/www.schneps-transport.at\/wp-content\/uploads\/2022\/09\/Orientierende-Schad-und-Stoerstofferkundung.pdf\">Orientierende Schad- und St\u00f6rstofferkundung <\/a><br \/>(ist von der r\u00fcckbaukundigen Person auszuf\u00fcllen)<br \/>\u2022 Formular: <a href=\"http:\/\/www.schneps-transport.at\/wp-content\/uploads\/2022\/09\/Rueckbaukonzept.pdf\">R\u00fcckbaukonzept<\/a><br \/>\u2022 Formular: <a href=\"http:\/\/www.schneps-transport.at\/wp-content\/uploads\/2022\/09\/Freigabeprotokoll.pdf\">Freigabeprotokoll<\/a><br \/>\u2022 Formular: <a href=\"http:\/\/www.schneps-transport.at\/wp-content\/uploads\/2022\/09\/Uebernahme-von-Abfaellen-fuer-die-Recycling-Baustoff-Herstellung.pdf\">\u00dcbernahme von Abf\u00e4llen f\u00fcr die Recycling-Baustoff-Herstellung<\/a><br \/><\/em><\/p>\t\t\t\t\t\t\t\t<\/div>\n\t\t\t\t<\/div>\n\t\t\t\t\t<\/div>\n\t\t<\/div>\n\t\t\t\t\t<\/div>\n\t\t<\/section>\n\t\t\t\t<section class=\"elementor-section elementor-top-section elementor-element elementor-element-65d64b3 elementor-section-boxed elementor-section-height-default elementor-section-height-default\" data-id=\"65d64b3\" data-element_type=\"section\" data-e-type=\"section\">\n\t\t\t\t\t\t<div class=\"elementor-container elementor-column-gap-default\">\n\t\t\t\t\t<div class=\"elementor-column elementor-col-50 elementor-top-column elementor-element elementor-element-4cad5cb\" data-id=\"4cad5cb\" data-element_type=\"column\" data-e-type=\"column\">\n\t\t\t<div class=\"elementor-widget-wrap elementor-element-populated\">\n\t\t\t\t\t\t<div class=\"elementor-element elementor-element-2a8c73e elementor-widget elementor-widget-text-editor\" data-id=\"2a8c73e\" data-element_type=\"widget\" data-e-type=\"widget\" data-widget_type=\"text-editor.default\">\n\t\t\t\t<div class=\"elementor-widget-container\">\n\t\t\t\t\t\t\t\t\t<p>Bei <strong>Abbruch und Entsorgung einer Kleinmenge<\/strong> (Asphalt, Beton, Bauschutt) von max. 750 t aus Bau- und Abbrucht\u00e4tigkeiten sind folgende Formulare notwendig:<\/p><p>\u2022 <em> Formular: Ausnahme von der R\u00fcckbaudokumentation<br \/>\u2022 Formular: <a href=\"http:\/\/www.schneps-transport.at\/wp-content\/uploads\/2022\/09\/Abfalldokumentation-fuer-eine-Kleinmenge-aus-Bautaetigkeiten.pdf\" target=\"_blank\" rel=\"noopener\">Abfalldokumentation f\u00fcr eine Kleinmenge aus Baut\u00e4tigkeiten<\/a><\/em><\/p>\t\t\t\t\t\t\t\t<\/div>\n\t\t\t\t<\/div>\n\t\t\t\t\t<\/div>\n\t\t<\/div>\n\t\t\t\t<div class=\"elementor-column elementor-col-50 elementor-top-column elementor-element elementor-element-1f22f72\" data-id=\"1f22f72\" data-element_type=\"column\" data-e-type=\"column\">\n\t\t\t<div class=\"elementor-widget-wrap elementor-element-populated\">\n\t\t\t\t\t\t<div class=\"elementor-element elementor-element-4d99be9 elementor-widget elementor-widget-text-editor\" data-id=\"4d99be9\" data-element_type=\"widget\" data-e-type=\"widget\" data-widget_type=\"text-editor.default\">\n\t\t\t\t<div class=\"elementor-widget-container\">\n\t\t\t\t\t\t\t\t\t<p>Die umfassende <b>Schad- und St\u00f6rstofferkundung<\/b> ist von einer befugten Fachperson\/Fachanstalt zu erstellen.<\/p><p>\u2022 <em> Formular: <a href=\"http:\/\/www.schneps-transport.at\/wp-content\/uploads\/2022\/09\/Rueckbaukonzept.pdf\">R\u00fcckbaukonzept<\/a><br \/>\u2022 Formular: <a href=\"http:\/\/www.schneps-transport.at\/wp-content\/uploads\/2022\/09\/Freigabeprotokoll.pdf\">Freigabeprotokoll<\/a><br \/>\u2022 Formular: <a href=\"http:\/\/www.schneps-transport.at\/wp-content\/uploads\/2022\/09\/Abfalldokumentation-bei-Linienbauwerken-und-befestigten-Flaechen.pdf\" target=\"_blank\" rel=\"noopener\">Abfalldokumentation bei Linienbauwerken und Verkehrsfl\u00e4chen<\/a><\/em><\/p>\t\t\t\t\t\t\t\t<\/div>\n\t\t\t\t<\/div>\n\t\t\t\t\t<\/div>\n\t\t<\/div>\n\t\t\t\t\t<\/div>\n\t\t<\/section>\n\t\t\t\t<section class=\"elementor-section elementor-top-section elementor-element elementor-element-b38c0ba elementor-section-boxed elementor-section-height-default elementor-section-height-default\" data-id=\"b38c0ba\" data-element_type=\"section\" data-e-type=\"section\">\n\t\t\t\t\t\t<div class=\"elementor-container elementor-column-gap-default\">\n\t\t\t\t\t<div class=\"elementor-column elementor-col-50 elementor-top-column elementor-element elementor-element-e36978a\" data-id=\"e36978a\" data-element_type=\"column\" data-e-type=\"column\">\n\t\t\t<div class=\"elementor-widget-wrap elementor-element-populated\">\n\t\t\t\t\t\t<div class=\"elementor-element elementor-element-2c3f62b elementor-widget elementor-widget-text-editor\" data-id=\"2c3f62b\" data-element_type=\"widget\" data-e-type=\"widget\" data-widget_type=\"text-editor.default\">\n\t\t\t\t<div class=\"elementor-widget-container\">\n\t\t\t\t\t\t\t\t\t<p>Bei <strong>Hochbau-Abbr\u00fcchen<\/strong> (R\u00fcckbauten) von mehr als 750 t und <strong>mehr als 3.500 m\u00b3 Brutto-Rauminhalt<\/strong> sind folgende Formulare notwendig:<\/p><p>\u2022 <em> Formular: <a href=\"http:\/\/www.schneps-transport.at\/wp-content\/uploads\/2022\/09\/Objektbeschreibung.pdf\" target=\"_blank\" rel=\"noopener\">Objektbeschreibung (ist vom Bauherrn auszuf\u00fcllen)<\/a><\/em><\/p>\t\t\t\t\t\t\t\t<\/div>\n\t\t\t\t<\/div>\n\t\t\t\t\t<\/div>\n\t\t<\/div>\n\t\t\t\t<div class=\"elementor-column elementor-col-50 elementor-top-column elementor-element elementor-element-a61ccb8\" data-id=\"a61ccb8\" data-element_type=\"column\" data-e-type=\"column\">\n\t\t\t<div class=\"elementor-widget-wrap elementor-element-populated\">\n\t\t\t\t\t\t<div class=\"elementor-element elementor-element-6a39eca elementor-widget elementor-widget-text-editor\" data-id=\"6a39eca\" data-element_type=\"widget\" data-e-type=\"widget\" data-widget_type=\"text-editor.default\">\n\t\t\t\t<div class=\"elementor-widget-container\">\n\t\t\t\t\t\t\t\t\t<p>Bei <strong>Abbr\u00fcchen von Linienbauwerken<\/strong> oder befestigten Fl\u00e4chen sind folgende Formulare notwendig:<\/p><p>\u2022 <em> Formular: <a href=\"http:\/\/www.schneps-transport.at\/wp-content\/uploads\/2022\/09\/Abfalldokumentation-bei-Linienbauwerken-und-befestigten-Flaechen.pdf\">Abfalldokumentation bei Linienbauwerken und Verkehrsfl\u00e4chen<\/a><br \/>\u2022 Formular: <a href=\"http:\/\/www.schneps-transport.at\/wp-content\/uploads\/2022\/09\/Uebernahme-von-Abfaellen-fuer-die-Recycling-Baustoff-Herstellung.pdf\" target=\"_blank\" rel=\"noopener\">\u00dcbernahme von Abf\u00e4llen f\u00fcr die Recycling-Baustoff-Herstellung<\/a><\/em><\/p>\t\t\t\t\t\t\t\t<\/div>\n\t\t\t\t<\/div>\n\t\t\t\t\t<\/div>\n\t\t<\/div>\n\t\t\t\t\t<\/div>\n\t\t<\/section>\n\t\t\t\t<\/div>\n\t\t","protected":false},"excerpt":{"rendered":"<p>Haben Sie ein altes Haus, Halle, Garage, etc. welches abgetragen werden soll? Wir erledigen das gerne f\u00fcr Sie, denn wir&#8230; \u2022 entr\u00fcmpeln \u2022 sortieren das Material direkt vor Ort, damit eine kosteng\u00fcnstige Verwertung m\u00f6glich ist\u2022 brechen das Geb\u00e4ude ab\u2022 entsorgen s\u00e4mtliches anfallendes Material ordnungsgem\u00e4\u00df \u2022 gleichen die Abbruchfl\u00e4che dem unmittelbaren Umfeld an\u2022 und auf Wunsch [&hellip;]<\/p>\n","protected":false},"author":1,"featured_media":0,"parent":0,"menu_order":0,"comment_status":"closed","ping_status":"closed","template":"","meta":{"_themeisle_gutenberg_block_has_review":false,"footnotes":""},"class_list":["post-40","page","type-page","status-publish","hentry"],"_links":{"self":[{"href":"http:\/\/www.schneps-transport.at\/index.php\/wp-json\/wp\/v2\/pages\/40","targetHints":{"allow":["GET"]}}],"collection":[{"href":"http:\/\/www.schneps-transport.at\/index.php\/wp-json\/wp\/v2\/pages"}],"about":[{"href":"http:\/\/www.schneps-transport.at\/index.php\/wp-json\/wp\/v2\/types\/page"}],"author":[{"embeddable":true,"href":"http:\/\/www.schneps-transport.at\/index.php\/wp-json\/wp\/v2\/users\/1"}],"replies":[{"embeddable":true,"href":"http:\/\/www.schneps-transport.at\/index.php\/wp-json\/wp\/v2\/comments?post=40"}],"version-history":[{"count":67,"href":"http:\/\/www.schneps-transport.at\/index.php\/wp-json\/wp\/v2\/pages\/40\/revisions"}],"predecessor-version":[{"id":273,"href":"http:\/\/www.schneps-transport.at\/index.php\/wp-json\/wp\/v2\/pages\/40\/revisions\/273"}],"wp:attachment":[{"href":"http:\/\/www.schneps-transport.at\/index.php\/wp-json\/wp\/v2\/media?parent=40"}],"curies":[{"name":"wp","href":"https:\/\/api.w.org\/{rel}","templated":true}]}}